{"id":29387,"date":"2024-06-20T11:14:36","date_gmt":"2024-06-20T09:14:36","guid":{"rendered":"https:\/\/publiaz-prestige.ch\/about-us\/"},"modified":"2024-10-31T09:46:55","modified_gmt":"2024-10-31T08:46:55","slug":"about-us","status":"publish","type":"page","link":"https:\/\/publiaz-prestige.ch\/en\/about-us\/","title":{"rendered":"About us"},"content":{"rendered":"<p>[et_pb_section fb_built=&#8221;1&#8243; fullwidth=&#8221;on&#8221; _builder_version=&#8221;4.25.2&#8243; _module_preset=&#8221;default&#8221; global_colors_info=&#8221;{}&#8221;][et_pb_fullwidth_image title_text=&#8221;jean-philippe-delberghe-ipQ8lzUM4Rk-unsplash&#8221; _builder_version=&#8221;4.27.0&#8243; _module_preset=&#8221;default&#8221; background_image=&#8221;https:\/\/publiaz-prestige.ch\/wp-content\/uploads\/2024\/06\/jean-philippe-delberghe-ipQ8lzUM4Rk-unsplash-scaled.jpg&#8221; background_position=&#8221;bottom_center&#8221; background_vertical_offset=&#8221;58%&#8221; height=&#8221;765px&#8221; height_tablet=&#8221;466px&#8221; height_phone=&#8221;322px&#8221; height_last_edited=&#8221;on|tablet&#8221; custom_margin=&#8221;77px||||false|false&#8221; background_last_edited=&#8221;on|phone&#8221; global_colors_info=&#8221;{}&#8221;][\/et_pb_fullwidth_image][\/et_pb_section][et_pb_section fb_built=&#8221;1&#8243; _builder_version=&#8221;4.25.2&#8243; _module_preset=&#8221;default&#8221; global_colors_info=&#8221;{}&#8221;][et_pb_row custom_padding_last_edited=&#8221;on|phone&#8221; _builder_version=&#8221;4.25.2&#8243; _module_preset=&#8221;default&#8221; custom_padding=&#8221;|50px||50px|false|false&#8221; custom_padding_tablet=&#8221;|50px||50px|false|false&#8221; custom_padding_phone=&#8221;|0px||0px|false|false&#8221; global_colors_info=&#8221;{}&#8221;][et_pb_column type=&#8221;4_4&#8243; _builder_version=&#8221;4.25.2&#8243; _module_preset=&#8221;default&#8221; global_colors_info=&#8221;{}&#8221;][et_pb_text _builder_version=&#8221;4.25.2&#8243; _module_preset=&#8221;default&#8221; text_font=&#8221;Libre Baskerville||||||||&#8221; text_text_color=&#8221;#949a9b&#8221; text_font_size=&#8221;20px&#8221; text_line_height=&#8221;1.6em&#8221; text_orientation=&#8221;center&#8221; text_font_size_tablet=&#8221;20px&#8221; text_font_size_phone=&#8221;15px&#8221; text_font_size_last_edited=&#8221;on|phone&#8221; global_colors_info=&#8221;{}&#8221;]<\/p>\n<p>Publiaz immobilier SA has been operating since 1961 and has around fifty employees, most of whom are certified by the Swiss Union of Real Estate Professionals (USPI Vaud).<\/p>\n<p>Our top priority is the loyalty of our clients and employees. This ensures excellence over time. Our staff has been stable and consistent since the beginning. Their average length of service is 11 years, significantly longer than that of other real estate agencies. <\/p>\n<p>[\/et_pb_text][\/et_pb_column][\/et_pb_row][\/et_pb_section][et_pb_section fb_built=&#8221;1&#8243; specialty=&#8221;on&#8221; parallax_1=&#8221;on&#8221; background_position_1=&#8221;center_left&#8221; _builder_version=&#8221;4.27.0&#8243; _module_preset=&#8221;default&#8221; background_color=&#8221;rgba(245,245,245,0.9)&#8221; background_image=&#8221;https:\/\/publiaz-prestige.ch\/wp-content\/uploads\/2024\/10\/AdobeStock_403994267-B-scaled.jpg&#8221; background_size=&#8221;contain&#8221; background_position=&#8221;center_left&#8221; background_horizontal_offset=&#8221;-54%&#8221; transform_scale_tablet=&#8221;&#8221; transform_scale_phone=&#8221;&#8221; transform_scale_last_edited=&#8221;on|phone&#8221; transform_translate_tablet=&#8221;&#8221; transform_translate_phone=&#8221;&#8221; transform_translate_last_edited=&#8221;on|phone&#8221; transform_rotate_tablet=&#8221;&#8221; transform_rotate_phone=&#8221;&#8221; transform_rotate_last_edited=&#8221;on|phone&#8221; transform_skew_tablet=&#8221;&#8221; transform_skew_phone=&#8221;&#8221; transform_skew_last_edited=&#8221;on|phone&#8221; transform_origin_tablet=&#8221;&#8221; transform_origin_phone=&#8221;&#8221; transform_origin_last_edited=&#8221;on|phone&#8221; transform_styles_last_edited=&#8221;on|phone&#8221; min_height=&#8221;298px&#8221; min_height_tablet=&#8221;461px&#8221; min_height_phone=&#8221;508px&#8221; min_height_last_edited=&#8221;on|phone&#8221; height_tablet=&#8221;261px&#8221; height_phone=&#8221;100px&#8221; height_last_edited=&#8221;on|tablet&#8221; max_height_tablet=&#8221;&#8221; max_height_phone=&#8221;1000px&#8221; max_height_last_edited=&#8221;on|phone&#8221; background_color_tablet=&#8221;RGBA(255,255,255,0)&#8221; background_last_edited=&#8221;on|phone&#8221; background_enable_color_tablet=&#8221;on&#8221; background_size_tablet=&#8221;custom&#8221; background_size_phone=&#8221;custom&#8221; background_image_width_tablet=&#8221;100%&#8221; background_image_height_tablet=&#8221;100%&#8221; background_image_height_phone=&#8221;100%&#8221; background_position_tablet=&#8221;center&#8221; background_position_phone=&#8221;center&#8221; background_horizontal_offset_tablet=&#8221;-100%&#8221; transform_styles_tablet=&#8221;&#8221; transform_styles_phone=&#8221;&#8221; inner_module_alignment_tablet=&#8221;&#8221; inner_module_alignment_phone=&#8221;&#8221; inner_module_alignment_last_edited=&#8221;on|tablet&#8221; global_colors_info=&#8221;{}&#8221;][et_pb_column type=&#8221;1_2&#8243; _builder_version=&#8221;4.16&#8243; custom_padding=&#8221;|||&#8221; global_colors_info=&#8221;{}&#8221; custom_padding__hover=&#8221;|||&#8221;][\/et_pb_column][et_pb_column type=&#8221;1_2&#8243; specialty_columns=&#8221;2&#8243; _builder_version=&#8221;4.16&#8243; custom_padding=&#8221;|||&#8221; global_colors_info=&#8221;{}&#8221; custom_padding__hover=&#8221;|||&#8221;][et_pb_row_inner custom_padding_last_edited=&#8221;on|phone&#8221; _builder_version=&#8221;4.27.2&#8243; _module_preset=&#8221;default&#8221; background_color=&#8221;rgba(245,245,245,0.9)&#8221; custom_margin=&#8221;0px|||0px|false|false&#8221; custom_margin_tablet=&#8221;-66px|0px|100px||false|false&#8221; custom_margin_phone=&#8221;-83px|0px|||false|false&#8221; custom_margin_last_edited=&#8221;on|tablet&#8221; custom_padding=&#8221;20px|20px|20px|20px|false|false&#8221; custom_padding_tablet=&#8221;23px|0px|0px|76px|false|false&#8221; custom_padding_phone=&#8221;|3px||22px|false|false&#8221; hover_enabled=&#8221;0&#8243; background_color_tablet=&#8221;rgba(239,239,239,0.9)&#8221; background_last_edited=&#8221;on|tablet&#8221; background_enable_color_tablet=&#8221;on&#8221; global_colors_info=&#8221;{}&#8221; animation_style=&#8221;slide&#8221; animation_direction=&#8221;right&#8221; sticky_enabled=&#8221;0&#8243;][et_pb_column_inner saved_specialty_column_type=&#8221;1_2&#8243; _builder_version=&#8221;4.25.2&#8243; _module_preset=&#8221;default&#8221; global_colors_info=&#8221;{}&#8221;][et_pb_text _builder_version=&#8221;4.27.0&#8243; _module_preset=&#8221;default&#8221; text_font=&#8221;Libre Baskerville||||||||&#8221; text_text_color=&#8221;#949a9b&#8221; text_font_size=&#8221;34px&#8221; text_line_height=&#8221;1.3em&#8221; custom_margin=&#8221;8px||14px||false|false&#8221; custom_margin_tablet=&#8221;0px||11px||false|false&#8221; custom_margin_phone=&#8221;0px||11px||false|false&#8221; custom_margin_last_edited=&#8221;on|tablet&#8221; text_orientation_tablet=&#8221;left&#8221; text_orientation_phone=&#8221;left&#8221; text_orientation_last_edited=&#8221;on|tablet&#8221; global_colors_info=&#8221;{}&#8221;]<\/p>\n<p>Our philosophy:<br \/>Trust, Expertise, <br \/>Service<\/p>\n<p>[\/et_pb_text][et_pb_text _builder_version=&#8221;4.27.0&#8243; _module_preset=&#8221;default&#8221; text_font=&#8221;Comfortaa||||||||&#8221; text_font_size=&#8221;15px&#8221; text_line_height=&#8221;1.6em&#8221; custom_margin_tablet=&#8221;||35px||false|false&#8221; custom_margin_phone=&#8221;&#8221; custom_margin_last_edited=&#8221;on|tablet&#8221; custom_padding=&#8221;|||0px|false|false&#8221; custom_padding_tablet=&#8221;|14px|||false|false&#8221; custom_padding_phone=&#8221;|14px|||false|false&#8221; custom_padding_last_edited=&#8221;on|tablet&#8221; text_orientation_tablet=&#8221;left&#8221; text_orientation_phone=&#8221;left&#8221; text_orientation_last_edited=&#8221;on|tablet&#8221; global_colors_info=&#8221;{}&#8221;]<\/p>\n<p>A prestigious property deserves exceptional care. You need to be able to rely on a trusted contact who is totally dedicated to your project, and who combines technical, legal and commercial experience and skills. In-depth knowledge of the luxury market is also a guarantee of success. To make it easier for prospective customers to visit us, we can arrange transportation from their home, hotel or airport in a comfortable Mercedes Class V minivan. We also benefit from a network of service providers to offer our customers a global approach to relocation, taxation, financing, inheritance, renovation and more.    <\/p>\n<p>[\/et_pb_text][\/et_pb_column_inner][\/et_pb_row_inner][\/et_pb_column][\/et_pb_section][et_pb_section fb_built=&#8221;1&#8243; _builder_version=&#8221;4.27.0&#8243; _module_preset=&#8221;default&#8221; custom_margin_tablet=&#8221;&#8221; custom_margin_phone=&#8221;||-20px||false|false&#8221; custom_margin_last_edited=&#8221;on|phone&#8221; global_colors_info=&#8221;{}&#8221;][et_pb_row column_structure=&#8221;1_2,1_2&#8243; _builder_version=&#8221;4.25.2&#8243; _module_preset=&#8221;default&#8221; global_colors_info=&#8221;{}&#8221;][et_pb_column type=&#8221;1_2&#8243; _builder_version=&#8221;4.25.2&#8243; _module_preset=&#8221;default&#8221; global_colors_info=&#8221;{}&#8221;][et_pb_text _builder_version=&#8221;4.27.0&#8243; _module_preset=&#8221;default&#8221; text_font=&#8221;Comfortaa||||||||&#8221; text_font_size=&#8221;16px&#8221; background_color=&#8221;rgba(245,245,245,0.9)&#8221; text_orientation=&#8221;center&#8221; custom_margin=&#8221;0px||||false|false&#8221; custom_margin_tablet=&#8221;0px||||false|false&#8221; custom_margin_phone=&#8221;0px||||false|false&#8221; custom_margin_last_edited=&#8221;on|tablet&#8221; custom_padding=&#8221;65px|50px|116px|50px|false|false&#8221; custom_padding_tablet=&#8221;65px|50px|116px|50px|false|false&#8221; custom_padding_phone=&#8221;44px|25px|118px|25px|false|false&#8221; custom_padding_last_edited=&#8221;on|phone&#8221; global_colors_info=&#8221;{}&#8221;]<\/p>\n<p>En compl\u00e9ment de notre marque d\u00e9di\u00e9e aux transactions immobili\u00e8res de haut standing, d\u00e9couvrez les prestations de Publiaz immobilier SA sur le site.<\/p>\n<p>[\/et_pb_text][et_pb_button button_url=&#8221;http:\/\/www.publiaz.ch&#8221; button_text=&#8221;www.publiaz.ch&#8221; button_alignment=&#8221;center&#8221; _builder_version=&#8221;4.25.2&#8243; _module_preset=&#8221;default&#8221; custom_button=&#8221;on&#8221; button_text_size=&#8221;17px&#8221; button_text_color=&#8221;#484848&#8243; button_border_color=&#8221;#484848&#8243; button_border_radius=&#8221;100px&#8221; button_letter_spacing=&#8221;1px&#8221; button_font=&#8221;Comfortaa||||||||&#8221; transform_translate=&#8221;0px|-119px&#8221; transform_translate_linked=&#8221;off&#8221; custom_margin=&#8221;0px||||false|false&#8221; custom_padding=&#8221;||3px||false|false&#8221; global_colors_info=&#8221;{}&#8221;][\/et_pb_button][\/et_pb_column][et_pb_column type=&#8221;1_2&#8243; _builder_version=&#8221;4.25.2&#8243; _module_preset=&#8221;default&#8221; global_colors_info=&#8221;{}&#8221;][et_pb_text _builder_version=&#8221;4.27.0&#8243; _module_preset=&#8221;default&#8221; text_font=&#8221;Libre Baskerville||||||||&#8221; text_font_size=&#8221;21px&#8221; text_line_height=&#8221;1.6em&#8221; background_color=&#8221;rgba(245,245,245,0.9)&#8221; text_orientation=&#8221;center&#8221; custom_margin=&#8221;0px||||false|false&#8221; custom_padding=&#8221;50px||23px|0px|false|false&#8221; custom_padding_tablet=&#8221;47px||||false|false&#8221; custom_padding_phone=&#8221;47px||||false|false&#8221; custom_padding_last_edited=&#8221;on|tablet&#8221; global_colors_info=&#8221;{}&#8221;]<\/p>\n<p>Three departments to <br \/>ensure your complete satisfaction<\/p>\n<p>[\/et_pb_text][et_pb_text _builder_version=&#8221;4.27.2&#8243; _module_preset=&#8221;default&#8221; text_font=&#8221;Comfortaa||||||||&#8221; text_font_size=&#8221;16px&#8221; text_line_height=&#8221;1.9em&#8221; background_color=&#8221;rgba(245,245,245,0.9)&#8221; transform_translate=&#8221;0px|-33px&#8221; transform_translate_linked=&#8221;off&#8221; text_orientation=&#8221;center&#8221; custom_padding=&#8221;0px||49px||false|false&#8221; custom_padding_tablet=&#8221;0px||50px||false|false&#8221; custom_padding_phone=&#8221;0px||50px||false|false&#8221; custom_padding_last_edited=&#8221;on|desktop&#8221; hover_enabled=&#8221;0&#8243; global_colors_info=&#8221;{}&#8221; sticky_enabled=&#8221;0&#8243;]<\/p>\n<p>Brokerage &amp; Valuations<br \/>Property Management<br \/>Co-ownership Management<\/p>\n<p>[\/et_pb_text][\/et_pb_column][\/et_pb_row][\/et_pb_section]<\/p>\n","protected":false},"excerpt":{"rendered":"<p>Publiaz immobilier SA has been operating since 1961 and has around fifty employees, most of whom are certified by the Swiss Union of Real Estate Professionals (USPI Vaud). Our top priority is the loyalty of our clients and employees. This ensures excellence over time. Our staff has been stable and consistent since the beginning. Their [&hellip;]<\/p>\n","protected":false},"author":1,"featured_media":0,"parent":0,"menu_order":0,"comment_status":"closed","ping_status":"closed","template":"","meta":{"_et_pb_use_builder":"on","_et_pb_old_content":"","_et_gb_content_width":"","om_disable_all_campaigns":false,"_monsterinsights_skip_tracking":false,"_monsterinsights_sitenote_active":false,"_monsterinsights_sitenote_note":"","_monsterinsights_sitenote_category":0,"footnotes":""},"class_list":["post-29387","page","type-page","status-publish","hentry"],"aioseo_notices":[],"_links":{"self":[{"href":"https:\/\/publiaz-prestige.ch\/en\/wp-json\/wp\/v2\/pages\/29387","targetHints":{"allow":["GET"]}}],"collection":[{"href":"https:\/\/publiaz-prestige.ch\/en\/wp-json\/wp\/v2\/pages"}],"about":[{"href":"https:\/\/publiaz-prestige.ch\/en\/wp-json\/wp\/v2\/types\/page"}],"author":[{"embeddable":true,"href":"https:\/\/publiaz-prestige.ch\/en\/wp-json\/wp\/v2\/users\/1"}],"replies":[{"embeddable":true,"href":"https:\/\/publiaz-prestige.ch\/en\/wp-json\/wp\/v2\/comments?post=29387"}],"version-history":[{"count":12,"href":"https:\/\/publiaz-prestige.ch\/en\/wp-json\/wp\/v2\/pages\/29387\/revisions"}],"predecessor-version":[{"id":29538,"href":"https:\/\/publiaz-prestige.ch\/en\/wp-json\/wp\/v2\/pages\/29387\/revisions\/29538"}],"wp:attachment":[{"href":"https:\/\/publiaz-prestige.ch\/en\/wp-json\/wp\/v2\/media?parent=29387"}],"curies":[{"name":"wp","href":"https:\/\/api.w.org\/{rel}","templated":true}]}}